{"id":1049,"date":"2020-03-04T09:20:39","date_gmt":"2020-03-04T08:20:39","guid":{"rendered":"https:\/\/www.jonas-sibony.com\/site\/?page_id=1049"},"modified":"2024-09-15T13:28:32","modified_gmt":"2024-09-15T11:28:32","slug":"links","status":"publish","type":"page","link":"https:\/\/www.jonas-sibony.com\/site\/about\/links\/","title":{"rendered":"Links"},"content":{"rendered":"\n<div style=\"height:30px\" aria-hidden=\"true\" class=\"wp-block-spacer\"><\/div>\n\n\n\n<hr class=\"wp-block-separator has-alpha-channel-opacity\" style=\"margin-top:var(--wp--preset--spacing--50);margin-bottom:var(--wp--preset--spacing--50)\"\/>\n\n\n\n<h3 class=\"wp-block-heading\"><strong>Projects<\/strong><\/h3>\n\n\n\n<div style=\"height:30px\" aria-hidden=\"true\" class=\"wp-block-spacer\"><\/div>\n\n\n\n<div class=\"wp-block-media-text alignwide is-stacked-on-mobile\" style=\"margin-top:0;margin-right:0;margin-bottom:0;margin-left:0;grid-template-columns:15% auto\"><figure class=\"wp-block-media-text__media\"><a href=\"jonas-sibony\/djm\" target=\"_blank\" rel=\"noreferrer noopener\"><img decoding=\"async\" loading=\"lazy\" width=\"150\" height=\"150\" src=\"https:\/\/www.jonas-sibony.com\/site\/wp-content\/uploads\/2023\/03\/logo_djm-150x150.jpg\" alt=\"\" class=\"wp-image-1314 size-thumbnail\" srcset=\"https:\/\/www.jonas-sibony.com\/site\/wp-content\/uploads\/2023\/03\/logo_djm-150x150.jpg 150w, https:\/\/www.jonas-sibony.com\/site\/wp-content\/uploads\/2023\/03\/logo_djm-45x45.jpg 45w, https:\/\/www.jonas-sibony.com\/site\/wp-content\/uploads\/2023\/03\/logo_djm.jpg 181w\" sizes=\"(max-width: 150px) 100vw, 150px\" \/><\/a><\/figure><div class=\"wp-block-media-text__content\">\n<h4 class=\"wp-block-heading no-underline\" style=\"margin-top:0;margin-right:var(--wp--preset--spacing--30);margin-bottom:0;margin-left:var(--wp--preset--spacing--30);padding-top:0;padding-right:var(--wp--preset--spacing--30);padding-bottom:var(--wp--preset--spacing--50);padding-left:var(--wp--preset--spacing--30)\"><a href=\"..\/..\/..\/djm\">Judeo Moroccan dictionnary<\/a><\/h4>\n\n\n\n<p style=\"margin-top:0;margin-right:var(--wp--preset--spacing--30);margin-bottom:0;margin-left:var(--wp--preset--spacing--30);padding-top:0;padding-right:var(--wp--preset--spacing--30);padding-bottom:0;padding-left:var(--wp--preset--spacing--30)\">\u200bA&nbsp;Dictionary of Arabic as spoken by Moroccan Jews. <\/p>\n\n\n\n<p style=\"margin-top:0;margin-right:var(--wp--preset--spacing--30);margin-bottom:0;margin-left:var(--wp--preset--spacing--30);padding-top:0;padding-right:var(--wp--preset--spacing--30);padding-bottom:0;padding-left:var(--wp--preset--spacing--30)\">\u200b<\/p>\n<\/div><\/div>\n\n\n\n<div style=\"height:30px\" aria-hidden=\"true\" class=\"wp-block-spacer\"><\/div>\n\n\n\n<div style=\"height:30px\" aria-hidden=\"true\" class=\"wp-block-spacer\"><\/div>\n\n\n\n<hr class=\"wp-block-separator has-alpha-channel-opacity\" style=\"margin-top:var(--wp--preset--spacing--50);margin-bottom:var(--wp--preset--spacing--50)\"\/>\n\n\n\n<h3 class=\"wp-block-heading\"><strong>Related websites<\/strong><\/h3>\n\n\n\n<div style=\"height:30px\" aria-hidden=\"true\" class=\"wp-block-spacer\"><\/div>\n\n\n\n<div class=\"wp-block-media-text alignwide is-stacked-on-mobile\" style=\"grid-template-columns:15% auto\"><figure class=\"wp-block-media-text__media\"><a href=\"https:\/\/lettres.sorbonne-universite.fr\/faculte-des-lettres\/ufr\/ufr-etudes-arabes-et-hebraiques\" target=\"_blank\" rel=\"noreferrer noopener\"><img decoding=\"async\" loading=\"lazy\" width=\"150\" height=\"150\" src=\"https:\/\/www.jonas-sibony.com\/site\/wp-content\/uploads\/2023\/03\/logo-ufr-150x150.jpg\" alt=\"\" class=\"wp-image-1318 size-thumbnail\" srcset=\"https:\/\/www.jonas-sibony.com\/site\/wp-content\/uploads\/2023\/03\/logo-ufr-150x150.jpg 150w, https:\/\/www.jonas-sibony.com\/site\/wp-content\/uploads\/2023\/03\/logo-ufr-45x45.jpg 45w, https:\/\/www.jonas-sibony.com\/site\/wp-content\/uploads\/2023\/03\/logo-ufr.jpg 204w\" sizes=\"(max-width: 150px) 100vw, 150px\" \/><\/a><\/figure><div class=\"wp-block-media-text__content\">\n<h4 class=\"wp-block-heading no-underline\" style=\"margin-top:0;margin-right:var(--wp--preset--spacing--30);margin-bottom:0;margin-left:var(--wp--preset--spacing--30);padding-top:0;padding-right:var(--wp--preset--spacing--30);padding-bottom:var(--wp--preset--spacing--50);padding-left:var(--wp--preset--spacing--30)\"><a rel=\"noreferrer noopener\" href=\"https:\/\/lettres.sorbonne-universite.fr\/faculte-des-lettres\/ufr\/ufr-etudes-arabes-et-hebraiques\" target=\"_blank\">\u200bUFR d&#8217;Etudes arabes et h\u00e9bra\u00efques &#8211; Sorbonne Universit\u00e9<\/a><\/h4>\n\n\n\n<p style=\"margin-top:0;margin-right:var(--wp--preset--spacing--30);margin-bottom:0;margin-left:var(--wp--preset--spacing--30);padding-top:0;padding-right:var(--wp--preset--spacing--30);padding-bottom:0;padding-left:var(--wp--preset--spacing--30)\">L\u2019unit\u00e9 de formation et de recherche (UFR) d\u2019\u00e9tudes arabes et h\u00e9bra\u00efques propose une \u00e9tude approfondie des langues, litt\u00e9ratures et civilisations arabes ou h\u00e9bra\u00efques, de l\u2019\u00e9poque m\u00e9di\u00e9vale au monde contemporain.<\/p>\n\n\n\n<p style=\"margin-top:0;margin-right:var(--wp--preset--spacing--30);margin-bottom:0;margin-left:var(--wp--preset--spacing--30);padding-top:0;padding-right:var(--wp--preset--spacing--30);padding-bottom:0;padding-left:var(--wp--preset--spacing--30)\">\u200b<\/p>\n<\/div><\/div>\n\n\n\n<div style=\"height:30px\" aria-hidden=\"true\" class=\"wp-block-spacer\"><\/div>\n\n\n\n<div class=\"wp-block-media-text alignwide is-stacked-on-mobile\" style=\"grid-template-columns:15% auto\"><figure class=\"wp-block-media-text__media\"><a href=\"https:\/\/www.dalala.org\/\" target=\"_blank\" rel=\"noreferrer noopener\"><img decoding=\"async\" loading=\"lazy\" width=\"95\" height=\"97\" src=\"https:\/\/www.jonas-sibony.com\/site\/wp-content\/uploads\/2023\/03\/logo-dalala.jpg\" alt=\"\" class=\"wp-image-1316 size-full\" srcset=\"https:\/\/www.jonas-sibony.com\/site\/wp-content\/uploads\/2023\/03\/logo-dalala.jpg 95w, https:\/\/www.jonas-sibony.com\/site\/wp-content\/uploads\/2023\/03\/logo-dalala-45x45.jpg 45w\" sizes=\"(max-width: 95px) 100vw, 95px\" \/><\/a><\/figure><div class=\"wp-block-media-text__content\">\n<h4 class=\"wp-block-heading no-underline\" style=\"margin-top:0;margin-right:var(--wp--preset--spacing--30);margin-bottom:0;margin-left:var(--wp--preset--spacing--30);padding-top:0;padding-right:var(--wp--preset--spacing--30);padding-bottom:var(--wp--preset--spacing--50);padding-left:var(--wp--preset--spacing--30)\"><a rel=\"noreferrer noopener\" aria-label=\"Dalala (opens in a new tab)\" href=\"https:\/\/www.dalala.org\/\" target=\"_blank\">Centre culturel Dal\u00e2la<\/a><\/h4>\n\n\n\n<p style=\"margin-top:0;margin-right:var(--wp--preset--spacing--30);margin-bottom:0;margin-left:var(--wp--preset--spacing--30);padding-top:0;padding-right:var(--wp--preset--spacing--30);padding-bottom:0;padding-left:var(--wp--preset--spacing--30)\">Association which strives to promote Jewish Arabic cultural ties.  It revolves around several actors who give courses in Hebrew and Arabic and also organize cultural events centered around jewish arabic ties in Near and Middle Eastern countries.<\/p>\n<\/div><\/div>\n\n\n\n<div style=\"height:30px\" aria-hidden=\"true\" class=\"wp-block-spacer\"><\/div>\n","protected":false},"excerpt":{"rendered":"<p>Projects Judeo Moroccan dictionnary \u200bA&nbsp;Dictionary of Arabic as spoken by Moroccan Jews. \u200b Related websites \u200bUFR d&#8217;Etudes arabes et h\u00e9bra\u00efques &#8211; Sorbonne Universit\u00e9 L\u2019unit\u00e9 de formation et de recherche (UFR) d\u2019\u00e9tudes arabes et h\u00e9bra\u00efques propose une \u00e9tude approfondie des langues, litt\u00e9ratures et civilisations arabes ou h\u00e9bra\u00efques, de l\u2019\u00e9poque m\u00e9di\u00e9vale au monde contemporain. \u200b Centre culturel &#8230; <a title=\"Links\" class=\"read-more\" href=\"https:\/\/www.jonas-sibony.com\/site\/about\/links\/\" aria-label=\"More on Links\">Read more<\/a><\/p>\n","protected":false},"author":1,"featured_media":0,"parent":1159,"menu_order":20,"comment_status":"closed","ping_status":"closed","template":"","meta":[],"_links":{"self":[{"href":"https:\/\/www.jonas-sibony.com\/site\/wp-json\/wp\/v2\/pages\/1049"}],"collection":[{"href":"https:\/\/www.jonas-sibony.com\/site\/wp-json\/wp\/v2\/pages"}],"about":[{"href":"https:\/\/www.jonas-sibony.com\/site\/wp-json\/wp\/v2\/types\/page"}],"author":[{"embeddable":true,"href":"https:\/\/www.jonas-sibony.com\/site\/wp-json\/wp\/v2\/users\/1"}],"replies":[{"embeddable":true,"href":"https:\/\/www.jonas-sibony.com\/site\/wp-json\/wp\/v2\/comments?post=1049"}],"version-history":[{"count":43,"href":"https:\/\/www.jonas-sibony.com\/site\/wp-json\/wp\/v2\/pages\/1049\/revisions"}],"predecessor-version":[{"id":1357,"href":"https:\/\/www.jonas-sibony.com\/site\/wp-json\/wp\/v2\/pages\/1049\/revisions\/1357"}],"up":[{"embeddable":true,"href":"https:\/\/www.jonas-sibony.com\/site\/wp-json\/wp\/v2\/pages\/1159"}],"wp:attachment":[{"href":"https:\/\/www.jonas-sibony.com\/site\/wp-json\/wp\/v2\/media?parent=1049"}],"curies":[{"name":"wp","href":"https:\/\/api.w.org\/{rel}","templated":true}]}}