{"id":77,"date":"2023-03-26T23:50:54","date_gmt":"2023-03-26T21:50:54","guid":{"rendered":"https:\/\/www.jonas-sibony.com\/djm\/?page_id=77"},"modified":"2026-01-20T10:27:07","modified_gmt":"2026-01-20T09:27:07","slug":"liens","status":"publish","type":"page","link":"https:\/\/www.jonas-sibony.com\/djm\/about\/liens\/","title":{"rendered":"Liens"},"content":{"rendered":"\n<div style=\"height:30px\" aria-hidden=\"true\" class=\"wp-block-spacer\"><\/div>\n\n\n\n<h3 class=\"wp-block-heading\"><strong>Site Officiel de Jonas Sibony<\/strong><\/h3>\n\n\n\n<div style=\"height:30px\" aria-hidden=\"true\" class=\"wp-block-spacer\"><\/div>\n\n\n\n<div class=\"wp-block-media-text is-stacked-on-mobile\" style=\"grid-template-columns:15% auto\"><figure class=\"wp-block-media-text__media\"><a href=\"..\/..\/..\/site\" target=\"_blank\" rel=\"noreferrer noopener\"><img loading=\"lazy\" decoding=\"async\" width=\"482\" height=\"481\" src=\"https:\/\/www.jonas-sibony.com\/djm\/wp-content\/uploads\/2023\/03\/logo_site.jpg\" alt=\"\" class=\"wp-image-102 size-full\" srcset=\"https:\/\/www.jonas-sibony.com\/djm\/wp-content\/uploads\/2023\/03\/logo_site.jpg 482w, https:\/\/www.jonas-sibony.com\/djm\/wp-content\/uploads\/2023\/03\/logo_site-300x300.jpg 300w, https:\/\/www.jonas-sibony.com\/djm\/wp-content\/uploads\/2023\/03\/logo_site-150x150.jpg 150w\" sizes=\"auto, (max-width: 482px) 100vw, 482px\" \/><\/a><\/figure><div class=\"wp-block-media-text__content\">\n<h4 class=\"wp-block-heading\" style=\"margin-top:0;margin-right:var(--wp--preset--spacing--30);margin-bottom:0;margin-left:var(--wp--preset--spacing--30);padding-top:0;padding-right:var(--wp--preset--spacing--30);padding-bottom:var(--wp--preset--spacing--50);padding-left:var(--wp--preset--spacing--30)\"><strong><a rel=\"noreferrer noopener\" href=\"..\/..\/..\/site\" target=\"_blank\">Site officiel de Jonas Sibony<\/a><\/strong>: <\/h4>\n\n\n\n<p style=\"margin-top:0;margin-right:var(--wp--preset--spacing--30);margin-bottom:0;margin-left:var(--wp--preset--spacing--30);padding-top:0;padding-right:var(--wp--preset--spacing--30);padding-bottom:0;padding-left:var(--wp--preset--spacing--30)\">Ce site (en anglais) rassemble des publications, des conf\u00e9rences, des interviews ainsi que d&rsquo;autres ressources qui ont jalonn\u00e9 mon parcours professionnel.<\/p>\n<\/div><\/div>\n\n\n\n<div style=\"height:30px\" aria-hidden=\"true\" class=\"wp-block-spacer\"><\/div>\n\n\n\n<hr class=\"wp-block-separator has-alpha-channel-opacity\" style=\"margin-top:var(--wp--preset--spacing--50);margin-bottom:var(--wp--preset--spacing--50)\"\/>\n\n\n\n<div style=\"height:30px\" aria-hidden=\"true\" class=\"wp-block-spacer\"><\/div>\n\n\n\n<h3 class=\"wp-block-heading\"><strong>Related websites<\/strong><\/h3>\n\n\n\n<div style=\"height:30px\" aria-hidden=\"true\" class=\"wp-block-spacer\"><\/div>\n\n\n\n<div class=\"wp-block-media-text is-stacked-on-mobile\" style=\"grid-template-columns:15% auto\"><figure class=\"wp-block-media-text__media\"><a href=\"https:\/\/www.dalala.org\/\" target=\"_blank\" rel=\"noreferrer noopener\"><img loading=\"lazy\" decoding=\"async\" width=\"204\" height=\"203\" src=\"https:\/\/www.jonas-sibony.com\/djm\/wp-content\/uploads\/2023\/03\/logo-ufr.jpg\" alt=\"\" class=\"wp-image-105 size-full\" srcset=\"https:\/\/www.jonas-sibony.com\/djm\/wp-content\/uploads\/2023\/03\/logo-ufr.jpg 204w, https:\/\/www.jonas-sibony.com\/djm\/wp-content\/uploads\/2023\/03\/logo-ufr-150x150.jpg 150w\" sizes=\"auto, (max-width: 204px) 100vw, 204px\" \/><\/a><\/figure><div class=\"wp-block-media-text__content\">\n<h4 class=\"wp-block-heading\" style=\"margin-top:0;margin-right:var(--wp--preset--spacing--30);margin-bottom:0;margin-left:var(--wp--preset--spacing--30);padding-top:0;padding-right:var(--wp--preset--spacing--30);padding-bottom:var(--wp--preset--spacing--50);padding-left:var(--wp--preset--spacing--30)\"><strong><a rel=\"noreferrer noopener\" href=\"https:\/\/lettres.sorbonne-universite.fr\/faculte-des-lettres\/ufr\/ufr-etudes-arabes-et-hebraiques\" target=\"_blank\">UFR Sorbonne<\/a><\/strong><\/h4>\n\n\n\n<p style=\"margin-top:0;margin-right:var(--wp--preset--spacing--30);margin-bottom:0;margin-left:var(--wp--preset--spacing--30);padding-top:0;padding-right:var(--wp--preset--spacing--30);padding-bottom:0;padding-left:var(--wp--preset--spacing--30)\">L\u2019unit\u00e9 de formation et de recherche (UFR) d\u2019\u00e9tudes arabes et h\u00e9bra\u00efques propose une \u00e9tude approfondie des langues, litt\u00e9ratures et civilisations arabes ou h\u00e9bra\u00efques, de l\u2019\u00e9poque m\u00e9di\u00e9vale au monde contemporain<\/p>\n<\/div><\/div>\n\n\n\n<div style=\"height:30px\" aria-hidden=\"true\" class=\"wp-block-spacer\"><\/div>\n\n\n\n<div class=\"wp-block-media-text is-stacked-on-mobile\" style=\"grid-template-columns:15% auto\"><figure class=\"wp-block-media-text__media\"><a href=\"https:\/\/www.dalala.org\/\" target=\"_blank\" rel=\"noreferrer noopener\"><img loading=\"lazy\" decoding=\"async\" width=\"95\" height=\"97\" src=\"https:\/\/www.jonas-sibony.com\/djm\/wp-content\/uploads\/2023\/03\/logo-dalala.jpg\" alt=\"\" class=\"wp-image-104 size-full\"\/><\/a><\/figure><div class=\"wp-block-media-text__content\">\n<h4 class=\"wp-block-heading\" style=\"margin-top:0;margin-right:var(--wp--preset--spacing--30);margin-bottom:0;margin-left:var(--wp--preset--spacing--30);padding-top:0;padding-right:var(--wp--preset--spacing--30);padding-bottom:var(--wp--preset--spacing--50);padding-left:var(--wp--preset--spacing--30)\"><strong><a rel=\"noreferrer noopener\" aria-label=\"Dalala (opens in a new tab)\" href=\"https:\/\/www.dalala.org\/\" target=\"_blank\">Centre Culturel Dal\u00e2la<\/a><\/strong><\/h4>\n\n\n\n<p style=\"margin-top:0;margin-right:var(--wp--preset--spacing--30);margin-bottom:0;margin-left:var(--wp--preset--spacing--30);padding-top:0;padding-right:var(--wp--preset--spacing--30);padding-bottom:0;padding-left:var(--wp--preset--spacing--30)\">Dal\u00e2la est une association qui s&rsquo;efforce de promouvoir des liens entre les cultures juives et arabe.  Elle fait intervenir plusieurs acteurs qui donnent des cours et h\u00e9breu et en arabe.  En outre, elle organise \u00e9galement des \u00e9v\u00e9nements ayant pour th\u00e8me les liens entre juifs et arabes dans le proche et moyen orient.<\/p>\n<\/div><\/div>\n\n\n\n<div style=\"height:30px\" aria-hidden=\"true\" class=\"wp-block-spacer\"><\/div>\n","protected":false},"excerpt":{"rendered":"<p>Site Officiel de Jonas Sibony Site officiel de Jonas Sibony: Ce site (en anglais) rassemble des publications, des conf\u00e9rences, des interviews ainsi que d&rsquo;autres ressources qui ont jalonn\u00e9 mon parcours professionnel. Related websites UFR Sorbonne L\u2019unit\u00e9 de formation et de recherche (UFR) d\u2019\u00e9tudes arabes et h\u00e9bra\u00efques propose une \u00e9tude approfondie des langues, litt\u00e9ratures et civilisations &#8230; <a title=\"Liens\" class=\"read-more\" href=\"https:\/\/www.jonas-sibony.com\/djm\/about\/liens\/\" aria-label=\"En savoir plus sur Liens\">Lire la suite<\/a><\/p>\n","protected":false},"author":1,"featured_media":0,"parent":272,"menu_order":0,"comment_status":"closed","ping_status":"closed","template":"","meta":{"_uag_custom_page_level_css":"","footnotes":""},"class_list":["post-77","page","type-page","status-publish"],"uagb_featured_image_src":{"full":false,"thumbnail":false,"medium":false,"medium_large":false,"large":false,"1536x1536":false,"2048x2048":false},"uagb_author_info":{"display_name":"david.musnik","author_link":"https:\/\/www.jonas-sibony.com\/djm\/author\/david-musnik\/"},"uagb_comment_info":0,"uagb_excerpt":"Site Officiel de Jonas Sibony Site officiel de Jonas Sibony: Ce site (en anglais) rassemble des publications, des conf\u00e9rences, des interviews ainsi que d&rsquo;autres ressources qui ont jalonn\u00e9 mon parcours professionnel. Related websites UFR Sorbonne L\u2019unit\u00e9 de formation et de recherche (UFR) d\u2019\u00e9tudes arabes et h\u00e9bra\u00efques propose une \u00e9tude approfondie des langues, litt\u00e9ratures et civilisations\u2026","_links":{"self":[{"href":"https:\/\/www.jonas-sibony.com\/djm\/wp-json\/wp\/v2\/pages\/77","targetHints":{"allow":["GET"]}}],"collection":[{"href":"https:\/\/www.jonas-sibony.com\/djm\/wp-json\/wp\/v2\/pages"}],"about":[{"href":"https:\/\/www.jonas-sibony.com\/djm\/wp-json\/wp\/v2\/types\/page"}],"author":[{"embeddable":true,"href":"https:\/\/www.jonas-sibony.com\/djm\/wp-json\/wp\/v2\/users\/1"}],"replies":[{"embeddable":true,"href":"https:\/\/www.jonas-sibony.com\/djm\/wp-json\/wp\/v2\/comments?post=77"}],"version-history":[{"count":15,"href":"https:\/\/www.jonas-sibony.com\/djm\/wp-json\/wp\/v2\/pages\/77\/revisions"}],"predecessor-version":[{"id":257,"href":"https:\/\/www.jonas-sibony.com\/djm\/wp-json\/wp\/v2\/pages\/77\/revisions\/257"}],"up":[{"embeddable":true,"href":"https:\/\/www.jonas-sibony.com\/djm\/wp-json\/wp\/v2\/pages\/272"}],"wp:attachment":[{"href":"https:\/\/www.jonas-sibony.com\/djm\/wp-json\/wp\/v2\/media?parent=77"}],"curies":[{"name":"wp","href":"https:\/\/api.w.org\/{rel}","templated":true}]}}