{"id":357,"date":"2026-01-30T15:34:54","date_gmt":"2026-01-30T14:34:54","guid":{"rendered":"https:\/\/www.jonas-sibony.com\/djm\/?page_id=357"},"modified":"2026-02-02T11:14:11","modified_gmt":"2026-02-02T10:14:11","slug":"alphabet","status":"publish","type":"page","link":"https:\/\/www.jonas-sibony.com\/djm\/alphabet\/","title":{"rendered":"Alphabet"},"content":{"rendered":"\n<p>Cette page donne des informations techniques sur les lettres qui composent l&rsquo;alphabet utilis\u00e9 dans la langue Jud\u00e9o marocaine, en particulier le codage UNICODE des caract\u00e8res.<\/p>\n","protected":false},"excerpt":{"rendered":"<p>Cette page donne des informations techniques sur les lettres qui composent l&rsquo;alphabet utilis\u00e9 dans la langue Jud\u00e9o marocaine, en particulier le codage UNICODE des caract\u00e8res.<\/p>\n","protected":false},"author":1,"featured_media":0,"parent":0,"menu_order":0,"comment_status":"closed","ping_status":"closed","template":"page_djm.php","meta":{"_uag_custom_page_level_css":"","footnotes":""},"class_list":["post-357","page","type-page","status-publish"],"uagb_featured_image_src":{"full":false,"thumbnail":false,"medium":false,"medium_large":false,"large":false,"1536x1536":false,"2048x2048":false},"uagb_author_info":{"display_name":"david.musnik","author_link":"https:\/\/www.jonas-sibony.com\/djm\/author\/david-musnik\/"},"uagb_comment_info":0,"uagb_excerpt":"Cette page donne des informations techniques sur les lettres qui composent l&rsquo;alphabet utilis\u00e9 dans la langue Jud\u00e9o marocaine, en particulier le codage UNICODE des caract\u00e8res.","_links":{"self":[{"href":"https:\/\/www.jonas-sibony.com\/djm\/wp-json\/wp\/v2\/pages\/357","targetHints":{"allow":["GET"]}}],"collection":[{"href":"https:\/\/www.jonas-sibony.com\/djm\/wp-json\/wp\/v2\/pages"}],"about":[{"href":"https:\/\/www.jonas-sibony.com\/djm\/wp-json\/wp\/v2\/types\/page"}],"author":[{"embeddable":true,"href":"https:\/\/www.jonas-sibony.com\/djm\/wp-json\/wp\/v2\/users\/1"}],"replies":[{"embeddable":true,"href":"https:\/\/www.jonas-sibony.com\/djm\/wp-json\/wp\/v2\/comments?post=357"}],"version-history":[{"count":2,"href":"https:\/\/www.jonas-sibony.com\/djm\/wp-json\/wp\/v2\/pages\/357\/revisions"}],"predecessor-version":[{"id":361,"href":"https:\/\/www.jonas-sibony.com\/djm\/wp-json\/wp\/v2\/pages\/357\/revisions\/361"}],"wp:attachment":[{"href":"https:\/\/www.jonas-sibony.com\/djm\/wp-json\/wp\/v2\/media?parent=357"}],"curies":[{"name":"wp","href":"https:\/\/api.w.org\/{rel}","templated":true}]}}