{"id":226,"date":"2026-01-18T10:53:18","date_gmt":"2026-01-18T09:53:18","guid":{"rendered":"https:\/\/www.jonas-sibony.com\/djm\/?page_id=226"},"modified":"2026-01-22T09:20:36","modified_gmt":"2026-01-22T08:20:36","slug":"mentions-legales","status":"publish","type":"page","link":"https:\/\/www.jonas-sibony.com\/djm\/legal\/mentions-legales\/","title":{"rendered":"Mentions L\u00e9gales"},"content":{"rendered":"\n<h4 class=\"wp-block-heading\"><strong>1. Informations l\u00e9gales<\/strong><\/h4>\n\n\n\n<p>Le site web&nbsp;<a href=\"http:\/\/www.jonas-sibony.com\/djm\">www.jonas-sibony.com\/djm<\/a>&nbsp;est \u00e9dit\u00e9 par :<\/p>\n\n\n\n<p>Jonas Sibony<br>Adresse: UFR Etudes Arabes et H\u00e9bra\u00efques, En Sorbonne, 1 rue Victor Cousin, 75005 Paris<br>T\u00e9l\u00e9phone : 01 40 46 25 15<br>Email :\u00a0<a href=\"mailto:contact-djm@jonas-sibony.com\">contact-djm@jonas-sibony.com<\/a><\/p>\n\n\n\n<h4 class=\"wp-block-heading\"><strong>2. H\u00e9bergement<\/strong><\/h4>\n\n\n\n<p>Le site est h\u00e9berg\u00e9 par :<\/p>\n\n\n\n<pre class=\"wp-block-code\"><code><strong>OVH\n2, rue Kellermann\n59100 Roubalix<\/strong><\/code><\/pre>\n\n\n\n<h4 class=\"wp-block-heading\"><strong>3. Propri\u00e9t\u00e9 intellectuelle<\/strong><\/h4>\n\n\n\n<p>L\u2019ensemble de ce site rel\u00e8ve de la l\u00e9gislation fran\u00e7aise et internationale sur le droit d\u2019auteur et la propri\u00e9t\u00e9 intellectuelle. Tous les droits de reproduction sont r\u00e9serv\u00e9s, y compris pour les documents t\u00e9l\u00e9chargeables et les repr\u00e9sentations iconographiques et photographiques.<\/p>\n\n\n\n<h4 class=\"wp-block-heading\"><strong>4. Liens hypertextes<\/strong><\/h4>\n\n\n\n<p>Le site [<a href=\"http:\/\/www.jonas-sibony.com\/djm\">www.jonas-sibony.com\/djm<\/a>] peut contenir des liens hypertextes vers d\u2019autres sites pr\u00e9sents sur le r\u00e9seau Internet. Les liens vers ces autres ressources vous font quitter le site [<a href=\"http:\/\/www.jonas-sibony.com\/djm\">www.jonas-sibony.com\/djm<\/a>]. Il est possible de cr\u00e9er un lien vers la page de pr\u00e9sentation de ce site sans autorisation expresse de Jonas Sibony. Aucune autorisation ou demande d\u2019information pr\u00e9alable ne peut \u00eatre exig\u00e9e par l\u2019\u00e9diteur \u00e0 l\u2019\u00e9gard d\u2019un site qui souhaite \u00e9tablir un lien vers le site de l\u2019\u00e9diteur. N\u00e9anmoins, Jonas Sibony se r\u00e9serve le droit de demander la suppression d\u2019un lien qu\u2019il estime non conforme \u00e0 l\u2019objet du site [<a href=\"http:\/\/www.jonas-sibony.com\/djm\">www.jonas-sibony.com\/djm<\/a>].<\/p>\n\n\n\n<h4 class=\"wp-block-heading\"><strong>5. Protection des donn\u00e9es personnelles<\/strong><\/h4>\n\n\n\n<p>Conform\u00e9ment \u00e0 la loi \u00ab&nbsp;Informatique et Libert\u00e9s&nbsp;\u00bb du 6 janvier 1978 modifi\u00e9e et au R\u00e8glement G\u00e9n\u00e9ral sur la Protection des Donn\u00e9es (RGPD), vous disposez de droits concernant vos donn\u00e9es personnelles. Pour plus d\u2019informations, veuillez consulter notre Politique de Confidentialit\u00e9 ou nous contacter par mail \u00e0 l\u2019adresse : &nbsp;<a href=\"mailto:contact-djm@jonas-sibony.com\">contact-djm@jonas-sibony.com<\/a><\/p>\n\n\n\n<h4 class=\"wp-block-heading\"><strong>6. Droit applicable et juridiction comp\u00e9tente<\/strong><\/h4>\n\n\n\n<p>Les pr\u00e9sentes mentions l\u00e9gales sont r\u00e9gies par le droit fran\u00e7ais. En cas de litige, les tribunaux fran\u00e7ais seront seuls comp\u00e9tents.<\/p>\n\n\n\n<p>Date de derni\u00e8re mise \u00e0 jour : 18\/01\/2026<\/p>\n","protected":false},"excerpt":{"rendered":"<p>1. Informations l\u00e9gales Le site web&nbsp;www.jonas-sibony.com\/djm&nbsp;est \u00e9dit\u00e9 par : Jonas SibonyAdresse: UFR Etudes Arabes et H\u00e9bra\u00efques, En Sorbonne, 1 rue Victor Cousin, 75005 ParisT\u00e9l\u00e9phone : 01 40 46 25 15Email :\u00a0contact-djm@jonas-sibony.com 2. H\u00e9bergement Le site est h\u00e9berg\u00e9 par : 3. Propri\u00e9t\u00e9 intellectuelle L\u2019ensemble de ce site rel\u00e8ve de la l\u00e9gislation fran\u00e7aise et internationale sur le &#8230; <a title=\"Mentions L\u00e9gales\" class=\"read-more\" href=\"https:\/\/www.jonas-sibony.com\/djm\/legal\/mentions-legales\/\" aria-label=\"En savoir plus sur Mentions L\u00e9gales\">Lire la suite<\/a><\/p>\n","protected":false},"author":1,"featured_media":0,"parent":274,"menu_order":0,"comment_status":"closed","ping_status":"closed","template":"","meta":{"_uag_custom_page_level_css":"","footnotes":""},"class_list":["post-226","page","type-page","status-publish"],"uagb_featured_image_src":{"full":false,"thumbnail":false,"medium":false,"medium_large":false,"large":false,"1536x1536":false,"2048x2048":false},"uagb_author_info":{"display_name":"david.musnik","author_link":"https:\/\/www.jonas-sibony.com\/djm\/author\/david-musnik\/"},"uagb_comment_info":0,"uagb_excerpt":"1. Informations l\u00e9gales Le site web&nbsp;www.jonas-sibony.com\/djm&nbsp;est \u00e9dit\u00e9 par : Jonas SibonyAdresse: UFR Etudes Arabes et H\u00e9bra\u00efques, En Sorbonne, 1 rue Victor Cousin, 75005 ParisT\u00e9l\u00e9phone : 01 40 46 25 15Email :\u00a0contact-djm@jonas-sibony.com 2. H\u00e9bergement Le site est h\u00e9berg\u00e9 par : 3. Propri\u00e9t\u00e9 intellectuelle L\u2019ensemble de ce site rel\u00e8ve de la l\u00e9gislation fran\u00e7aise et internationale sur le\u2026","_links":{"self":[{"href":"https:\/\/www.jonas-sibony.com\/djm\/wp-json\/wp\/v2\/pages\/226","targetHints":{"allow":["GET"]}}],"collection":[{"href":"https:\/\/www.jonas-sibony.com\/djm\/wp-json\/wp\/v2\/pages"}],"about":[{"href":"https:\/\/www.jonas-sibony.com\/djm\/wp-json\/wp\/v2\/types\/page"}],"author":[{"embeddable":true,"href":"https:\/\/www.jonas-sibony.com\/djm\/wp-json\/wp\/v2\/users\/1"}],"replies":[{"embeddable":true,"href":"https:\/\/www.jonas-sibony.com\/djm\/wp-json\/wp\/v2\/comments?post=226"}],"version-history":[{"count":3,"href":"https:\/\/www.jonas-sibony.com\/djm\/wp-json\/wp\/v2\/pages\/226\/revisions"}],"predecessor-version":[{"id":278,"href":"https:\/\/www.jonas-sibony.com\/djm\/wp-json\/wp\/v2\/pages\/226\/revisions\/278"}],"up":[{"embeddable":true,"href":"https:\/\/www.jonas-sibony.com\/djm\/wp-json\/wp\/v2\/pages\/274"}],"wp:attachment":[{"href":"https:\/\/www.jonas-sibony.com\/djm\/wp-json\/wp\/v2\/media?parent=226"}],"curies":[{"name":"wp","href":"https:\/\/api.w.org\/{rel}","templated":true}]}}